{"id":12,"date":"2022-03-15T19:41:10","date_gmt":"2022-03-15T19:41:10","guid":{"rendered":"https:\/\/ukrainskklubroskilde.dk\/?page_id=12"},"modified":"2023-09-02T11:45:35","modified_gmt":"2023-09-02T11:45:35","slug":"hjem","status":"publish","type":"page","link":"https:\/\/ukrainskklubroskilde.dk\/","title":{"rendered":""},"content":{"rendered":"\n<figure class=\"wp-block-image alignwide size-large\"><img loading=\"lazy\" decoding=\"async\" width=\"1024\" height=\"582\" src=\"https:\/\/ukrainskklubroskilde.dk\/wp-content\/uploads\/2023\/06\/faelles-billede-2-1024x582.jpg\" alt=\"\" class=\"wp-image-295\" srcset=\"https:\/\/ukrainskklubroskilde.dk\/wp-content\/uploads\/2023\/06\/faelles-billede-2-1024x582.jpg 1024w, https:\/\/ukrainskklubroskilde.dk\/wp-content\/uploads\/2023\/06\/faelles-billede-2-300x171.jpg 300w, https:\/\/ukrainskklubroskilde.dk\/wp-content\/uploads\/2023\/06\/faelles-billede-2-768x437.jpg 768w, https:\/\/ukrainskklubroskilde.dk\/wp-content\/uploads\/2023\/06\/faelles-billede-2-1536x873.jpg 1536w, https:\/\/ukrainskklubroskilde.dk\/wp-content\/uploads\/2023\/06\/faelles-billede-2.jpg 1908w\" sizes=\"auto, (max-width: 1024px) 100vw, 1024px\" \/><\/figure>\n\n\n\n<p><\/p>\n\n\n\n<h3 class=\"wp-block-heading has-text-align-center\"><strong>VORES FORM\u00c5L<\/strong><\/h3>\n\n\n\n<p class=\"has-text-align-center\">Vores form\u00e5l er at styrke det sociale og faglige netv\u00e6rk mellem klubbens medlemmer og det danske samfund. Vi vil hj\u00e6lpe med at integrere nye ukrainere i Danmark. Vi \u00f8nsker at styrke klubbens medlemmers indsigt og forst\u00e5else for ukrainsk sprog, historie og kultur. Samt st\u00f8tter vi Ukraine, og ukrainerne i Danmark gennem kulturelle-velg\u00f8renhedsarrangementer.<\/p>\n\n\n\n<hr class=\"wp-block-separator has-alpha-channel-opacity is-style-dots\"\/>\n\n\n\n<h2 class=\"wp-block-heading\">Nyheder<\/h2>\n\n\n\n<figure class=\"wp-block-image size-full is-resized\"><a href=\"https:\/\/ukrainskklubroskilde.dk\/?p=353\"><img loading=\"lazy\" decoding=\"async\" src=\"https:\/\/ukrainskklubroskilde.dk\/wp-content\/uploads\/2023\/06\/353863765_1480768036007348_8014526950065034215_n.png\" alt=\"\" class=\"wp-image-296\" style=\"width:667px;height:130px\" width=\"667\" height=\"130\" srcset=\"https:\/\/ukrainskklubroskilde.dk\/wp-content\/uploads\/2023\/06\/353863765_1480768036007348_8014526950065034215_n.png 912w, https:\/\/ukrainskklubroskilde.dk\/wp-content\/uploads\/2023\/06\/353863765_1480768036007348_8014526950065034215_n-300x59.png 300w, https:\/\/ukrainskklubroskilde.dk\/wp-content\/uploads\/2023\/06\/353863765_1480768036007348_8014526950065034215_n-768x151.png 768w\" sizes=\"auto, (max-width: 667px) 100vw, 667px\" \/><\/a><\/figure>\n\n\n\n<div class=\"wp-block-columns is-layout-flex wp-container-core-columns-is-layout-9d6595d7 wp-block-columns-is-layout-flex\">\n<div class=\"wp-block-column is-layout-flow wp-block-column-is-layout-flow\" style=\"flex-basis:100%\"><\/div>\n<\/div>\n","protected":false},"excerpt":{"rendered":"<p>VORES FORM\u00c5L Vores form\u00e5l er at styrke det sociale og faglige netv\u00e6rk mellem klubbens medlemmer og det danske samfund. Vi vil hj\u00e6lpe med at integrere nye ukrainere i Danmark. Vi \u00f8nsker at styrke klubbens medlemmers indsigt og forst\u00e5else for ukrainsk sprog, historie og kultur. Samt st\u00f8tter vi Ukraine, og ukrainerne i Danmark gennem kulturelle-velg\u00f8renhedsarrangementer. Nyheder<\/p>\n","protected":false},"author":1,"featured_media":237,"parent":0,"menu_order":0,"comment_status":"closed","ping_status":"closed","template":"","meta":{"neve_meta_sidebar":"left","neve_meta_container":"default","neve_meta_enable_content_width":"on","neve_meta_content_width":70,"neve_meta_title_alignment":"left","neve_meta_author_avatar":"","neve_post_elements_order":"","neve_meta_disable_header":"off","neve_meta_disable_footer":"","neve_meta_disable_title":"on","footnotes":""},"class_list":["post-12","page","type-page","status-publish","has-post-thumbnail","hentry"],"_links":{"self":[{"href":"https:\/\/ukrainskklubroskilde.dk\/index.php?rest_route=\/wp\/v2\/pages\/12","targetHints":{"allow":["GET"]}}],"collection":[{"href":"https:\/\/ukrainskklubroskilde.dk\/index.php?rest_route=\/wp\/v2\/pages"}],"about":[{"href":"https:\/\/ukrainskklubroskilde.dk\/index.php?rest_route=\/wp\/v2\/types\/page"}],"author":[{"embeddable":true,"href":"https:\/\/ukrainskklubroskilde.dk\/index.php?rest_route=\/wp\/v2\/users\/1"}],"replies":[{"embeddable":true,"href":"https:\/\/ukrainskklubroskilde.dk\/index.php?rest_route=%2Fwp%2Fv2%2Fcomments&post=12"}],"version-history":[{"count":44,"href":"https:\/\/ukrainskklubroskilde.dk\/index.php?rest_route=\/wp\/v2\/pages\/12\/revisions"}],"predecessor-version":[{"id":662,"href":"https:\/\/ukrainskklubroskilde.dk\/index.php?rest_route=\/wp\/v2\/pages\/12\/revisions\/662"}],"wp:featuredmedia":[{"embeddable":true,"href":"https:\/\/ukrainskklubroskilde.dk\/index.php?rest_route=\/wp\/v2\/media\/237"}],"wp:attachment":[{"href":"https:\/\/ukrainskklubroskilde.dk\/index.php?rest_route=%2Fwp%2Fv2%2Fmedia&parent=12"}],"curies":[{"name":"wp","href":"https:\/\/api.w.org\/{rel}","templated":true}]}}