{"id":261,"date":"2023-06-28T11:53:08","date_gmt":"2023-06-28T11:53:08","guid":{"rendered":"https:\/\/ukrainskklubroskilde.dk\/?page_id=261"},"modified":"2023-07-01T12:59:25","modified_gmt":"2023-07-01T12:59:25","slug":"aktiviteter","status":"publish","type":"page","link":"https:\/\/ukrainskklubroskilde.dk\/?page_id=261","title":{"rendered":"Aktiviteter"},"content":{"rendered":"\n<p>Vores klub har en del forskellige aktiviteter til alle og en hver.<\/p>\n\n\n\n<ul class=\"wp-block-list\">\n<li>Ukrainske og engelske sprogindl\u00e6ringsgrupper, hver s\u00f8ndag.<\/li>\n\n\n\n<li>Yoga\/Fitness\/Zumba for voksne, hver s\u00f8ndag.<\/li>\n\n\n\n<li>Fodboldhold, hver fredag.<\/li>\n<\/ul>\n\n\n\n<p><strong>M\u00e5lgrupper:<\/strong><br>B\u00f8rn fra 4-17 \u00e5r<br>Voksen 18+<\/p>\n\n\n\n<figure class=\"wp-block-gallery has-nested-images columns-default is-cropped wp-block-gallery-1 is-layout-flex wp-block-gallery-is-layout-flex\">\n<figure class=\"wp-block-image size-large is-style-default\"><img loading=\"lazy\" decoding=\"async\" width=\"1024\" height=\"768\" data-id=\"463\" src=\"https:\/\/ukrainskklubroskilde.dk\/wp-content\/uploads\/2023\/06\/357610530_230295519835794_5787158447924244899_n-1024x768.jpg\" alt=\"\" class=\"wp-image-463\" srcset=\"https:\/\/ukrainskklubroskilde.dk\/wp-content\/uploads\/2023\/06\/357610530_230295519835794_5787158447924244899_n-1024x768.jpg 1024w, https:\/\/ukrainskklubroskilde.dk\/wp-content\/uploads\/2023\/06\/357610530_230295519835794_5787158447924244899_n-300x225.jpg 300w, https:\/\/ukrainskklubroskilde.dk\/wp-content\/uploads\/2023\/06\/357610530_230295519835794_5787158447924244899_n-768x576.jpg 768w, https:\/\/ukrainskklubroskilde.dk\/wp-content\/uploads\/2023\/06\/357610530_230295519835794_5787158447924244899_n-1536x1152.jpg 1536w, https:\/\/ukrainskklubroskilde.dk\/wp-content\/uploads\/2023\/06\/357610530_230295519835794_5787158447924244899_n.jpg 2048w\" sizes=\"auto, (max-width: 1024px) 100vw, 1024px\" \/><\/figure>\n\n\n\n<figure class=\"wp-block-image size-large\"><img loading=\"lazy\" decoding=\"async\" width=\"1024\" height=\"768\" data-id=\"465\" src=\"https:\/\/ukrainskklubroskilde.dk\/wp-content\/uploads\/2023\/06\/357558804_1367134117185100_4488244638225571378_n-1-1024x768.jpg\" alt=\"\" class=\"wp-image-465\" srcset=\"https:\/\/ukrainskklubroskilde.dk\/wp-content\/uploads\/2023\/06\/357558804_1367134117185100_4488244638225571378_n-1-1024x768.jpg 1024w, https:\/\/ukrainskklubroskilde.dk\/wp-content\/uploads\/2023\/06\/357558804_1367134117185100_4488244638225571378_n-1-300x225.jpg 300w, https:\/\/ukrainskklubroskilde.dk\/wp-content\/uploads\/2023\/06\/357558804_1367134117185100_4488244638225571378_n-1-768x576.jpg 768w, https:\/\/ukrainskklubroskilde.dk\/wp-content\/uploads\/2023\/06\/357558804_1367134117185100_4488244638225571378_n-1-1536x1152.jpg 1536w, https:\/\/ukrainskklubroskilde.dk\/wp-content\/uploads\/2023\/06\/357558804_1367134117185100_4488244638225571378_n-1.jpg 2048w\" sizes=\"auto, (max-width: 1024px) 100vw, 1024px\" \/><\/figure>\n\n\n\n<figure class=\"wp-block-image size-large\"><img loading=\"lazy\" decoding=\"async\" width=\"1024\" height=\"683\" data-id=\"466\" src=\"https:\/\/ukrainskklubroskilde.dk\/wp-content\/uploads\/2023\/06\/357585269_6267948676652090_6502134555366227543_n-1024x683.jpg\" alt=\"\" class=\"wp-image-466\" srcset=\"https:\/\/ukrainskklubroskilde.dk\/wp-content\/uploads\/2023\/06\/357585269_6267948676652090_6502134555366227543_n-1024x683.jpg 1024w, https:\/\/ukrainskklubroskilde.dk\/wp-content\/uploads\/2023\/06\/357585269_6267948676652090_6502134555366227543_n-300x200.jpg 300w, https:\/\/ukrainskklubroskilde.dk\/wp-content\/uploads\/2023\/06\/357585269_6267948676652090_6502134555366227543_n-768x512.jpg 768w, https:\/\/ukrainskklubroskilde.dk\/wp-content\/uploads\/2023\/06\/357585269_6267948676652090_6502134555366227543_n-1536x1024.jpg 1536w, https:\/\/ukrainskklubroskilde.dk\/wp-content\/uploads\/2023\/06\/357585269_6267948676652090_6502134555366227543_n-930x620.jpg 930w, https:\/\/ukrainskklubroskilde.dk\/wp-content\/uploads\/2023\/06\/357585269_6267948676652090_6502134555366227543_n.jpg 2048w\" sizes=\"auto, (max-width: 1024px) 100vw, 1024px\" \/><\/figure>\n\n\n\n<figure class=\"wp-block-image size-large\"><img loading=\"lazy\" decoding=\"async\" width=\"1024\" height=\"768\" data-id=\"467\" src=\"https:\/\/ukrainskklubroskilde.dk\/wp-content\/uploads\/2023\/06\/357479337_1406937026762174_570266829247853653_n-1024x768.jpg\" alt=\"\" class=\"wp-image-467\" srcset=\"https:\/\/ukrainskklubroskilde.dk\/wp-content\/uploads\/2023\/06\/357479337_1406937026762174_570266829247853653_n-1024x768.jpg 1024w, https:\/\/ukrainskklubroskilde.dk\/wp-content\/uploads\/2023\/06\/357479337_1406937026762174_570266829247853653_n-300x225.jpg 300w, https:\/\/ukrainskklubroskilde.dk\/wp-content\/uploads\/2023\/06\/357479337_1406937026762174_570266829247853653_n-768x576.jpg 768w, https:\/\/ukrainskklubroskilde.dk\/wp-content\/uploads\/2023\/06\/357479337_1406937026762174_570266829247853653_n-1536x1152.jpg 1536w, https:\/\/ukrainskklubroskilde.dk\/wp-content\/uploads\/2023\/06\/357479337_1406937026762174_570266829247853653_n.jpg 2048w\" sizes=\"auto, (max-width: 1024px) 100vw, 1024px\" \/><\/figure>\n\n\n\n<figure class=\"wp-block-image size-large\"><img loading=\"lazy\" decoding=\"async\" width=\"1024\" height=\"683\" data-id=\"468\" src=\"https:\/\/ukrainskklubroskilde.dk\/wp-content\/uploads\/2023\/06\/356947198_186357910799766_2045775502842434585_n-1024x683.jpg\" alt=\"\" class=\"wp-image-468\" srcset=\"https:\/\/ukrainskklubroskilde.dk\/wp-content\/uploads\/2023\/06\/356947198_186357910799766_2045775502842434585_n-1024x683.jpg 1024w, https:\/\/ukrainskklubroskilde.dk\/wp-content\/uploads\/2023\/06\/356947198_186357910799766_2045775502842434585_n-300x200.jpg 300w, https:\/\/ukrainskklubroskilde.dk\/wp-content\/uploads\/2023\/06\/356947198_186357910799766_2045775502842434585_n-768x512.jpg 768w, https:\/\/ukrainskklubroskilde.dk\/wp-content\/uploads\/2023\/06\/356947198_186357910799766_2045775502842434585_n-1536x1024.jpg 1536w, https:\/\/ukrainskklubroskilde.dk\/wp-content\/uploads\/2023\/06\/356947198_186357910799766_2045775502842434585_n-930x620.jpg 930w, https:\/\/ukrainskklubroskilde.dk\/wp-content\/uploads\/2023\/06\/356947198_186357910799766_2045775502842434585_n.jpg 2048w\" sizes=\"auto, (max-width: 1024px) 100vw, 1024px\" \/><\/figure>\n\n\n\n<figure class=\"wp-block-image size-large\"><img loading=\"lazy\" decoding=\"async\" width=\"960\" height=\"720\" data-id=\"469\" src=\"https:\/\/ukrainskklubroskilde.dk\/wp-content\/uploads\/2023\/06\/357359492_223650000043772_2346200478499865735_n.jpg\" alt=\"\" class=\"wp-image-469\" srcset=\"https:\/\/ukrainskklubroskilde.dk\/wp-content\/uploads\/2023\/06\/357359492_223650000043772_2346200478499865735_n.jpg 960w, https:\/\/ukrainskklubroskilde.dk\/wp-content\/uploads\/2023\/06\/357359492_223650000043772_2346200478499865735_n-300x225.jpg 300w, https:\/\/ukrainskklubroskilde.dk\/wp-content\/uploads\/2023\/06\/357359492_223650000043772_2346200478499865735_n-768x576.jpg 768w\" sizes=\"auto, (max-width: 960px) 100vw, 960px\" \/><\/figure>\n<\/figure>\n","protected":false},"excerpt":{"rendered":"<p>Vores klub har en del forskellige aktiviteter til alle og en hver. M\u00e5lgrupper:B\u00f8rn fra 4-17 \u00e5rVoksen 18+<\/p>\n","protected":false},"author":1,"featured_media":0,"parent":0,"menu_order":0,"comment_status":"closed","ping_status":"closed","template":"","meta":{"neve_meta_sidebar":"","neve_meta_container":"","neve_meta_enable_content_width":"","neve_meta_content_width":0,"neve_meta_title_alignment":"","neve_meta_author_avatar":"","neve_post_elements_order":"","neve_meta_disable_header":"","neve_meta_disable_footer":"","neve_meta_disable_title":"","footnotes":""},"class_list":["post-261","page","type-page","status-publish","hentry"],"_links":{"self":[{"href":"https:\/\/ukrainskklubroskilde.dk\/index.php?rest_route=\/wp\/v2\/pages\/261","targetHints":{"allow":["GET"]}}],"collection":[{"href":"https:\/\/ukrainskklubroskilde.dk\/index.php?rest_route=\/wp\/v2\/pages"}],"about":[{"href":"https:\/\/ukrainskklubroskilde.dk\/index.php?rest_route=\/wp\/v2\/types\/page"}],"author":[{"embeddable":true,"href":"https:\/\/ukrainskklubroskilde.dk\/index.php?rest_route=\/wp\/v2\/users\/1"}],"replies":[{"embeddable":true,"href":"https:\/\/ukrainskklubroskilde.dk\/index.php?rest_route=%2Fwp%2Fv2%2Fcomments&post=261"}],"version-history":[{"count":4,"href":"https:\/\/ukrainskklubroskilde.dk\/index.php?rest_route=\/wp\/v2\/pages\/261\/revisions"}],"predecessor-version":[{"id":504,"href":"https:\/\/ukrainskklubroskilde.dk\/index.php?rest_route=\/wp\/v2\/pages\/261\/revisions\/504"}],"wp:attachment":[{"href":"https:\/\/ukrainskklubroskilde.dk\/index.php?rest_route=%2Fwp%2Fv2%2Fmedia&parent=261"}],"curies":[{"name":"wp","href":"https:\/\/api.w.org\/{rel}","templated":true}]}}