{"id":60,"date":"2022-03-15T21:21:59","date_gmt":"2022-03-15T21:21:59","guid":{"rendered":"https:\/\/ukrainskklubroskilde.dk\/?page_id=60"},"modified":"2023-10-25T19:52:35","modified_gmt":"2023-10-25T19:52:35","slug":"privatindkvartering","status":"publish","type":"page","link":"https:\/\/ukrainskklubroskilde.dk\/?page_id=60","title":{"rendered":"Om os"},"content":{"rendered":"\n<div class=\"wp-block-buttons is-layout-flex wp-block-buttons-is-layout-flex\">\n<div class=\"wp-block-button is-style-primary\"><a class=\"wp-block-button__link wp-element-button\" href=\"https:\/\/ukrainskklubroskilde.dk\/?p=421\">Bliv medlem<\/a><\/div>\n\n\n\n<div class=\"wp-block-button is-style-primary\"><a class=\"wp-block-button__link wp-element-button\" href=\"https:\/\/ukrainskklubroskilde.dk\/?p=424\">Bliv sponsor<\/a><\/div>\n\n\n\n<div class=\"wp-block-button is-style-primary\"><a class=\"wp-block-button__link wp-element-button\" href=\"https:\/\/ukrainskklubroskilde.dk\/?p=658\">Vores regnskaber<\/a><\/div>\n<\/div>\n\n\n\n<p><\/p>\n\n\n\n<p>Velkommen til Ukrainsk klub i Roskilde afdeling af Lastivka Ukrainsk Organisation i Danmark.<\/p>\n\n\n\n<p>Den Ukrainske Klub og Skole i Roskilde blev grundlagt i september \u00e5r 2019. Vi er en folkeoplysende forening, som \u00f8nsker at videregive den ukrainske kultur og det ukrainske sprog til vores n\u00e6ste genrationer. <br>I januar 2021 blev Det f\u00f8rste Ukrainske Bibliotek i Danmark lanceret i Den Ukrainske Klub i Roskilde.<\/p>\n\n\n\n<p>Den Ukrainske Klub i Roskilde opererer p\u00e5 flere omr\u00e5der: en skole for b\u00f8rn, en klub for voksne medlemmer, og arrangementer samt aktiviteter for b\u00f8rn og voksne. <\/p>\n\n\n\n<p><strong>Form\u00e5let er:<\/strong><\/p>\n\n\n\n<ul class=\"wp-block-list\">\n<li>At styrke det sociale og faglige netv\u00e6rk mellem klubbens medlemmer og Danske samfund<\/li>\n\n\n\n<li>At integrere nye ukrainere i Danmark<\/li>\n\n\n\n<li>At styrke klubbens medlemmer indsigt i og forst\u00e5else for ukrainsk sprog, historie og kultur<\/li>\n\n\n\n<li>At st\u00f8tte Ukraine og ukrainere i Danmark gennem kulturelle-velg\u00f8renhedsarrangementer<\/li>\n<\/ul>\n\n\n\n<p><strong>Bestyrelsen:<\/strong><\/p>\n\n\n\n<figure class=\"wp-block-table\"><table><tbody><tr><td><\/td><td><strong>2019-2020<\/strong><\/td><td><strong>2020-2021<\/strong><\/td><td><strong>2021-2022<\/strong><\/td><td><strong>2022-2023<\/strong><\/td><td><strong>2023-2024<\/strong><\/td><\/tr><tr><td><strong>Formand<\/strong><\/td><td>Galina Kozlenko<\/td><td>Galina Kozlenko<\/td><td>Galina Kozlenko<\/td><td>Viktoriia Kyrychenko<\/td><td>Lesya Rykhalska<\/td><\/tr><tr><td><strong>N\u00e6stformand<\/strong><\/td><td>Olha Otenko<\/td><td>Olha Otenko<\/td><td>Lesya Rykhalska<\/td><td>Lesya Rykhalska<\/td><td>Viktoriia Kyrychenko<\/td><\/tr><tr><td><strong>Kasser<\/strong><\/td><td>Lyudmyla Shkrabalyuk<\/td><td>Lyudmyla Shkrabalyuk<\/td><td>Lyudmyla Shkrabalyuk<\/td><td>Lyudmyla Shkrabalyuk<\/td><td>Lyudmyla Shkrabalyuk<\/td><\/tr><tr><td><strong>Bestyrelse <\/strong><br><strong>medlem 1<\/strong><\/td><td>Vitalij Kyrychenko<\/td><td>Lesya Rykhalska<\/td><td>Lesya Rykhalska<\/td><td>Galina Kozlenko<\/td><td>Galina Kozlenko<\/td><\/tr><tr><td><strong>Bestyrelse <\/strong><br><strong>medlem 2<\/strong><\/td><td>Igor Parfonov<\/td><td>Vitalij Kyrychenko<\/td><td>Vitalij Kyrychenko<\/td><td>Ryslan Riabokon<\/td><td>Ryslan Riabokon<\/td><\/tr><tr><td><strong>Suppleant 1<\/strong><\/td><td>Iryna Gajdaj<\/td><td>Sergiy Zolototrubov<\/td><td>Sergiy Zolototrubov<\/td><td>Viktoriia Haznha<\/td><td>Viktoriia Haznha<\/td><\/tr><tr><td><strong>suppleant 2<\/strong><\/td><td>Yana Malenka<\/td><td><\/td><td><\/td><td>Oksana Kycherenko<\/td><td>Oksana Kycherenko<\/td><\/tr><\/tbody><\/table><\/figure>\n\n\n\n<hr class=\"wp-block-separator has-alpha-channel-opacity\"\/>\n\n\n\n<h2 class=\"wp-block-heading\">Vores medlemskab<\/h2>\n\n\n\n<div class=\"wp-block-group is-nowrap is-layout-flex wp-container-core-group-is-layout-ad2f72ca wp-block-group-is-layout-flex\">\n<figure class=\"wp-block-image size-full is-resized\"><a href=\"https:\/\/supportukraine.dk\/\"><img loading=\"lazy\" decoding=\"async\" width=\"771\" height=\"403\" src=\"https:\/\/ukrainskklubroskilde.dk\/wp-content\/uploads\/2023\/06\/Association.png\" alt=\"\" class=\"wp-image-446\" style=\"width:402px;height:210px\" srcset=\"https:\/\/ukrainskklubroskilde.dk\/wp-content\/uploads\/2023\/06\/Association.png 771w, https:\/\/ukrainskklubroskilde.dk\/wp-content\/uploads\/2023\/06\/Association-300x157.png 300w, https:\/\/ukrainskklubroskilde.dk\/wp-content\/uploads\/2023\/06\/Association-768x401.png 768w\" sizes=\"auto, (max-width: 771px) 100vw, 771px\" \/><\/a><figcaption class=\"wp-element-caption\"><a href=\"https:\/\/supportukraine.dk\/\">\u041f\u0456\u0434\u0442\u0440\u0438\u043c\u0430\u0439 \u0423\u043a\u0440\u0430\u0457\u043d\u0443! &#8211; Support Ukraine in Denmark<\/a><\/figcaption><\/figure>\n\n\n\n<figure class=\"wp-block-image size-large is-resized\"><a href=\"https:\/\/lastivka.dk\/\"><img loading=\"lazy\" decoding=\"async\" width=\"1024\" height=\"1024\" src=\"https:\/\/ukrainskklubroskilde.dk\/wp-content\/uploads\/2023\/06\/lastivka-6-1024x1024.jpg\" alt=\"\" class=\"wp-image-450\" style=\"width:210px;height:210px\" srcset=\"https:\/\/ukrainskklubroskilde.dk\/wp-content\/uploads\/2023\/06\/lastivka-6-1024x1024.jpg 1024w, https:\/\/ukrainskklubroskilde.dk\/wp-content\/uploads\/2023\/06\/lastivka-6-300x300.jpg 300w, https:\/\/ukrainskklubroskilde.dk\/wp-content\/uploads\/2023\/06\/lastivka-6-150x150.jpg 150w, https:\/\/ukrainskklubroskilde.dk\/wp-content\/uploads\/2023\/06\/lastivka-6-768x768.jpg 768w, https:\/\/ukrainskklubroskilde.dk\/wp-content\/uploads\/2023\/06\/lastivka-6.jpg 1478w\" sizes=\"auto, (max-width: 1024px) 100vw, 1024px\" \/><\/a><figcaption class=\"wp-element-caption\"><a href=\"https:\/\/lastivka.dk\/\">\u0413\u043e\u043b\u043e\u0432\u043d\u0430 (lastivka.dk)<\/a><\/figcaption><\/figure>\n<\/div>\n","protected":false},"excerpt":{"rendered":"<p>Velkommen til Ukrainsk klub i Roskilde afdeling af Lastivka Ukrainsk Organisation i Danmark. Den Ukrainske Klub og Skole i Roskilde blev grundlagt i september \u00e5r 2019. Vi er en folkeoplysende forening, som \u00f8nsker at videregive den ukrainske kultur og det ukrainske sprog til vores n\u00e6ste genrationer. I januar 2021 blev Det f\u00f8rste Ukrainske Bibliotek i&hellip;&nbsp;<a href=\"https:\/\/ukrainskklubroskilde.dk\/?page_id=60\" class=\"\" rel=\"bookmark\">L\u00e6s mere &raquo;<span class=\"screen-reader-text\">Om os<\/span><\/a><\/p>\n","protected":false},"author":1,"featured_media":0,"parent":0,"menu_order":0,"comment_status":"closed","ping_status":"closed","template":"","meta":{"neve_meta_sidebar":"default","neve_meta_container":"default","neve_meta_enable_content_width":"","neve_meta_content_width":0,"neve_meta_title_alignment":"","neve_meta_author_avatar":"","neve_post_elements_order":"","neve_meta_disable_header":"off","neve_meta_disable_footer":"","neve_meta_disable_title":"off","footnotes":""},"class_list":["post-60","page","type-page","status-publish","hentry"],"_links":{"self":[{"href":"https:\/\/ukrainskklubroskilde.dk\/index.php?rest_route=\/wp\/v2\/pages\/60","targetHints":{"allow":["GET"]}}],"collection":[{"href":"https:\/\/ukrainskklubroskilde.dk\/index.php?rest_route=\/wp\/v2\/pages"}],"about":[{"href":"https:\/\/ukrainskklubroskilde.dk\/index.php?rest_route=\/wp\/v2\/types\/page"}],"author":[{"embeddable":true,"href":"https:\/\/ukrainskklubroskilde.dk\/index.php?rest_route=\/wp\/v2\/users\/1"}],"replies":[{"embeddable":true,"href":"https:\/\/ukrainskklubroskilde.dk\/index.php?rest_route=%2Fwp%2Fv2%2Fcomments&post=60"}],"version-history":[{"count":50,"href":"https:\/\/ukrainskklubroskilde.dk\/index.php?rest_route=\/wp\/v2\/pages\/60\/revisions"}],"predecessor-version":[{"id":679,"href":"https:\/\/ukrainskklubroskilde.dk\/index.php?rest_route=\/wp\/v2\/pages\/60\/revisions\/679"}],"wp:attachment":[{"href":"https:\/\/ukrainskklubroskilde.dk\/index.php?rest_route=%2Fwp%2Fv2%2Fmedia&parent=60"}],"curies":[{"name":"wp","href":"https:\/\/api.w.org\/{rel}","templated":true}]}}